{"id":133,"date":"2018-07-23T09:59:57","date_gmt":"2018-07-23T09:59:57","guid":{"rendered":"http:\/\/2018.doktagung.de\/?page_id=133"},"modified":"2018-07-23T09:59:57","modified_gmt":"2018-07-23T09:59:57","slug":"anmeldung","status":"publish","type":"page","link":"https:\/\/2018.doktagung.de\/index.php\/anmeldung\/","title":{"rendered":"Anmeldung"},"content":{"rendered":"<p>IHR WOLLT DABEI SEIN?<\/p>\n<p>Dann schickt uns bitte folgende Infos per E-Mail an call@doktagung.de:<\/p>\n<p>&nbsp;<\/p>\n<p>Name<\/p>\n<p>Anschrift<\/p>\n<p>Fach, Institut<\/p>\n<p>(Arbeits-)Titel der Dissertation<\/p>\n<p>&nbsp;<\/p>\n<p>Wenn ihr <strong>euer Projekt<\/strong> in einem Vortrag, einer Posterpr\u00e4sentation oder gerne auch in einem anderen Format* vorstellen und diskutieren wollt, skizziert bitte kurz, woran ihr arbeitet und wie ihr dies pr\u00e4sentieren m\u00f6chtet. Im Sinne unseres Tagungsmottos \u201eHow to \u2026?\u201c sind auch Beitr\u00e4ge willkommen, die <strong>allgemeinere Themen<\/strong>, z. B. zu thematischen Feldern, Methoden oder Strukturelles, aufgreifen und den Rahmen der Dok-Tagung nutzen m\u00f6chten, um diese in gr\u00f6\u00dferer Runde zu besprechen.<\/p>\n<p>&nbsp;<\/p>\n<p>ANMELDEFRIST<\/p>\n<p>mit Beitrag: 31.08.2018<\/p>\n<p>ohne Beitrag: 30.09.2018<\/p>\n<p>&nbsp;<\/p>\n<p>Nachdem ihr euch angemeldet habt, schicken wir euch weitere Infos zur Bezahlung des Teilnahmebeitrags in H\u00f6he von 25 \u20ac.<\/p>\n<p>&nbsp;<\/p>\n<p>Wir freuen uns auf eure zahlreichen Anmeldungen und Ideen!<\/p>\n<p>&nbsp;<\/p>\n<p>* Wir denken hier z. B. an partizipativere Formate; Alternativen zu Powerpoint und Co.; Diskussion von Material\/Textstellen; gemeinschaftlich organisierte Formate, falls es sich anbietet\u2026 \u2013 \u00fcberrascht uns! Wir werden versuchen auch Ideen m\u00f6glich zu machen, die in der Umsetzung w\u00e4hrend der Tagung etwas mehr Zeit in Anspruch nehmen.<\/p>\n","protected":false},"excerpt":{"rendered":"<p>IHR WOLLT DABEI SEIN? Dann schickt uns bitte folgende Infos per E-Mail an call@doktagung.de: &nbsp; Name Anschrift Fach, Institut (Arbeits-)Titel der Dissertation &nbsp; Wenn ihr euer Projekt in einem Vortrag, einer Posterpr\u00e4sentation oder gerne auch<\/p>\n","protected":false},"author":2,"featured_media":0,"parent":0,"menu_order":0,"comment_status":"closed","ping_status":"closed","template":"","meta":{"footnotes":""},"_links":{"self":[{"href":"https:\/\/2018.doktagung.de\/index.php\/wp-json\/wp\/v2\/pages\/133"}],"collection":[{"href":"https:\/\/2018.doktagung.de\/index.php\/wp-json\/wp\/v2\/pages"}],"about":[{"href":"https:\/\/2018.doktagung.de\/index.php\/wp-json\/wp\/v2\/types\/page"}],"author":[{"embeddable":true,"href":"https:\/\/2018.doktagung.de\/index.php\/wp-json\/wp\/v2\/users\/2"}],"replies":[{"embeddable":true,"href":"https:\/\/2018.doktagung.de\/index.php\/wp-json\/wp\/v2\/comments?post=133"}],"version-history":[{"count":1,"href":"https:\/\/2018.doktagung.de\/index.php\/wp-json\/wp\/v2\/pages\/133\/revisions"}],"predecessor-version":[{"id":134,"href":"https:\/\/2018.doktagung.de\/index.php\/wp-json\/wp\/v2\/pages\/133\/revisions\/134"}],"wp:attachment":[{"href":"https:\/\/2018.doktagung.de\/index.php\/wp-json\/wp\/v2\/media?parent=133"}],"curies":[{"name":"wp","href":"https:\/\/api.w.org\/{rel}","templated":true}]}}